{"id":8,"date":"2026-03-23T09:37:00","date_gmt":"2026-03-23T08:37:00","guid":{"rendered":"https:\/\/wp.formaverse.fr\/notre-boutique\/"},"modified":"2026-03-23T09:37:19","modified_gmt":"2026-03-23T08:37:19","slug":"notre-boutique","status":"publish","type":"page","link":"https:\/\/wp.formaverse.fr\/e5b-01\/notre-boutique\/","title":{"rendered":"Notre Boutique"},"content":{"rendered":"\n<h1 class=\"wp-block-heading\">Notre Boutique \u00e0 Lyon<\/h1>\n\n\n\n<p>Venez d\u00e9couvrir notre boutique-atelier au c\u0153ur du quartier de la Croix-Rousse \u00e0 Lyon. Un espace chaleureux o\u00f9 vous pourrez tester tous nos produits, rencontrer notre \u00e9quipe et m\u00eame assister \u00e0 nos ateliers de fabrication.<\/p>\n\n\n\n<h2 class=\"wp-block-heading\">Un lieu unique<\/h2>\n\n\n\n<p>Notre boutique de 80 m\u00b2 est bien plus qu&rsquo;un simple point de vente. C&rsquo;est un v\u00e9ritable espace de d\u00e9couverte sensorielle o\u00f9 chaque produit peut \u00eatre test\u00e9. Nos conseillers sont l\u00e0 pour vous guider vers les soins les plus adapt\u00e9s \u00e0 vos besoins.<\/p>\n\n\n\n<h2 class=\"wp-block-heading\">Nos Ateliers<\/h2>\n\n\n\n<p>Chaque mois, nous organisons des ateliers pour apprendre \u00e0 fabriquer vos propres cosm\u00e9tiques naturels :<\/p>\n\n\n\n<ul class=\"wp-block-list\">\n<li><strong>Atelier Baume \u00e0 L\u00e8vres<\/strong> &#8211; Tous les 1ers samedis du mois (15 \u20ac)<\/li>\n\n\n\n<li><strong>Atelier Cr\u00e8me Visage<\/strong> &#8211; Tous les 2\u00e8mes samedis du mois (25 \u20ac)<\/li>\n\n\n\n<li><strong>Atelier Savon<\/strong> &#8211; Tous les 3\u00e8mes samedis du mois (20 \u20ac)<\/li>\n\n\n\n<li><strong>Atelier Parfum Naturel<\/strong> &#8211; Tous les 4\u00e8mes samedis du mois (30 \u20ac)<\/li>\n<\/ul>\n\n\n\n<p><em>R\u00e9servation obligatoire par email \u00e0 ateliers@evasion-naturelle.fr ou par t\u00e9l\u00e9phone au 04 72 00 12 34.<\/em><\/p>\n\n\n\n<h2 class=\"wp-block-heading\">Comment nous trouver<\/h2>\n\n\n\n<p><strong>Adresse :<\/strong> 42 rue des Canuts, 69004 Lyon<br><strong>M\u00e9tro :<\/strong> Ligne C &#8211; Arr\u00eat Croix-Rousse<br><strong>Bus :<\/strong> Lignes C13 et 33 &#8211; Arr\u00eat Place de la Croix-Rousse<br><strong>Parking :<\/strong> Parking des Chartreux \u00e0 5 minutes \u00e0 pied<\/p>\n","protected":false},"excerpt":{"rendered":"<p>Notre Boutique \u00e0 Lyon Venez d\u00e9couvrir notre boutique-atelier au c\u0153ur du quartier de la Croix-Rousse \u00e0 Lyon. Un espace chaleureux [&hellip;]<\/p>\n","protected":false},"author":1,"featured_media":99,"parent":0,"menu_order":0,"comment_status":"closed","ping_status":"closed","template":"","meta":{"_uag_custom_page_level_css":"","site-sidebar-layout":"default","site-content-layout":"","ast-site-content-layout":"default","site-content-style":"default","site-sidebar-style":"default","ast-global-header-display":"","ast-banner-title-visibility":"","ast-main-header-display":"","ast-hfb-above-header-display":"","ast-hfb-below-header-display":"","ast-hfb-mobile-header-display":"","site-post-title":"","ast-breadcrumbs-content":"","ast-featured-img":"","footer-sml-layout":"","ast-disable-related-posts":"","theme-transparent-header-meta":"","adv-header-id-meta":"","stick-header-meta":"","header-above-stick-meta":"","header-main-stick-meta":"","header-below-stick-meta":"","astra-migrate-meta-layouts":"default","ast-page-background-enabled":"default","ast-page-background-meta":{"desktop":{"background-color":"var(--ast-global-color-5)","background-image":"","background-repeat":"repeat","background-position":"center center","background-size":"auto","background-attachment":"scroll","background-type":"","background-media":"","overlay-type":"","overlay-color":"","overlay-opacity":"","overlay-gradient":""},"tablet":{"background-color":"","background-image":"","background-repeat":"repeat","background-position":"center center","background-size":"auto","background-attachment":"scroll","background-type":"","background-media":"","overlay-type":"","overlay-color":"","overlay-opacity":"","overlay-gradient":""},"mobile":{"background-color":"","background-image":"","background-repeat":"repeat","background-position":"center center","background-size":"auto","background-attachment":"scroll","background-type":"","background-media":"","overlay-type":"","overlay-color":"","overlay-opacity":"","overlay-gradient":""}},"ast-content-background-meta":{"desktop":{"background-color":"var(--ast-global-color-4)","background-image":"","background-repeat":"repeat","background-position":"center center","background-size":"auto","background-attachment":"scroll","background-type":"","background-media":"","overlay-type":"","overlay-color":"","overlay-opacity":"","overlay-gradient":""},"tablet":{"background-color":"var(--ast-global-color-4)","background-image":"","background-repeat":"repeat","background-position":"center center","background-size":"auto","background-attachment":"scroll","background-type":"","background-media":"","overlay-type":"","overlay-color":"","overlay-opacity":"","overlay-gradient":""},"mobile":{"background-color":"var(--ast-global-color-4)","background-image":"","background-repeat":"repeat","background-position":"center center","background-size":"auto","background-attachment":"scroll","background-type":"","background-media":"","overlay-type":"","overlay-color":"","overlay-opacity":"","overlay-gradient":""}},"footnotes":""},"class_list":["post-8","page","type-page","status-publish","has-post-thumbnail","hentry"],"yoast_head":"<!-- This site is optimized with the Yoast SEO plugin v27.4 - https:\/\/yoast.com\/product\/yoast-seo-wordpress\/ -->\n<title>Notre Boutique - \u00c9vasion Naturelle<\/title>\n<meta name=\"robots\" content=\"index, follow, max-snippet:-1, max-image-preview:large, max-video-preview:-1\" \/>\n<link rel=\"canonical\" href=\"https:\/\/wp.formaverse.fr\/notre-boutique\/\" \/>\n<meta property=\"og:locale\" content=\"fr_FR\" \/>\n<meta property=\"og:type\" content=\"article\" \/>\n<meta property=\"og:title\" content=\"Notre Boutique - \u00c9vasion Naturelle\" \/>\n<meta property=\"og:description\" content=\"Notre Boutique \u00e0 Lyon Venez d\u00e9couvrir notre boutique-atelier au c\u0153ur du quartier de la Croix-Rousse \u00e0 Lyon. Un espace chaleureux [&hellip;]\" \/>\n<meta property=\"og:url\" content=\"https:\/\/wp.formaverse.fr\/notre-boutique\/\" \/>\n<meta property=\"og:site_name\" content=\"\u00c9vasion Naturelle\" \/>\n<meta property=\"article:modified_time\" content=\"2026-03-23T08:37:19+00:00\" \/>\n<meta property=\"og:image\" content=\"https:\/\/wp.formaverse.fr\/wp-content\/uploads\/2026\/03\/boutique-cosmetiques.jpg\" \/>\n\t<meta property=\"og:image:width\" content=\"800\" \/>\n\t<meta property=\"og:image:height\" content=\"1200\" \/>\n\t<meta property=\"og:image:type\" content=\"image\/jpeg\" \/>\n<meta name=\"twitter:card\" content=\"summary_large_image\" \/>\n<meta name=\"twitter:label1\" content=\"Dur\u00e9e de lecture estim\u00e9e\" \/>\n\t<meta name=\"twitter:data1\" content=\"1 minute\" \/>\n<script type=\"application\/ld+json\" class=\"yoast-schema-graph\">{\"@context\":\"https:\\\/\\\/schema.org\",\"@graph\":[{\"@type\":\"WebPage\",\"@id\":\"https:\\\/\\\/wp.formaverse.fr\\\/notre-boutique\\\/\",\"url\":\"https:\\\/\\\/wp.formaverse.fr\\\/notre-boutique\\\/\",\"name\":\"Notre Boutique - \u00c9vasion Naturelle\",\"isPartOf\":{\"@id\":\"https:\\\/\\\/wp.formaverse.fr\\\/#website\"},\"primaryImageOfPage\":{\"@id\":\"https:\\\/\\\/wp.formaverse.fr\\\/notre-boutique\\\/#primaryimage\"},\"image\":{\"@id\":\"https:\\\/\\\/wp.formaverse.fr\\\/notre-boutique\\\/#primaryimage\"},\"thumbnailUrl\":\"https:\\\/\\\/wp.formaverse.fr\\\/e5b-01\\\/wp-content\\\/uploads\\\/2026\\\/03\\\/boutique-cosmetiques.jpg\",\"datePublished\":\"2026-03-23T08:37:00+00:00\",\"dateModified\":\"2026-03-23T08:37:19+00:00\",\"breadcrumb\":{\"@id\":\"https:\\\/\\\/wp.formaverse.fr\\\/notre-boutique\\\/#breadcrumb\"},\"inLanguage\":\"fr-FR\",\"potentialAction\":[{\"@type\":\"ReadAction\",\"target\":[\"https:\\\/\\\/wp.formaverse.fr\\\/notre-boutique\\\/\"]}]},{\"@type\":\"ImageObject\",\"inLanguage\":\"fr-FR\",\"@id\":\"https:\\\/\\\/wp.formaverse.fr\\\/notre-boutique\\\/#primaryimage\",\"url\":\"https:\\\/\\\/wp.formaverse.fr\\\/e5b-01\\\/wp-content\\\/uploads\\\/2026\\\/03\\\/boutique-cosmetiques.jpg\",\"contentUrl\":\"https:\\\/\\\/wp.formaverse.fr\\\/e5b-01\\\/wp-content\\\/uploads\\\/2026\\\/03\\\/boutique-cosmetiques.jpg\",\"width\":800,\"height\":1200,\"caption\":\"Boutique de cosm\u00e9tiques - \u00c9vasion Naturelle\"},{\"@type\":\"BreadcrumbList\",\"@id\":\"https:\\\/\\\/wp.formaverse.fr\\\/notre-boutique\\\/#breadcrumb\",\"itemListElement\":[{\"@type\":\"ListItem\",\"position\":1,\"name\":\"Home\",\"item\":\"https:\\\/\\\/wp.formaverse.fr\\\/\"},{\"@type\":\"ListItem\",\"position\":2,\"name\":\"Notre Boutique\"}]},{\"@type\":\"WebSite\",\"@id\":\"https:\\\/\\\/wp.formaverse.fr\\\/#website\",\"url\":\"https:\\\/\\\/wp.formaverse.fr\\\/\",\"name\":\"\u00c9vasion Naturelle\",\"description\":\"La marque cosm\u00e9tique naturelle pour votre bien \u00eatre\",\"publisher\":{\"@id\":\"https:\\\/\\\/wp.formaverse.fr\\\/#organization\"},\"potentialAction\":[{\"@type\":\"SearchAction\",\"target\":{\"@type\":\"EntryPoint\",\"urlTemplate\":\"https:\\\/\\\/wp.formaverse.fr\\\/?s={search_term_string}\"},\"query-input\":{\"@type\":\"PropertyValueSpecification\",\"valueRequired\":true,\"valueName\":\"search_term_string\"}}],\"inLanguage\":\"fr-FR\"},{\"@type\":\"Organization\",\"@id\":\"https:\\\/\\\/wp.formaverse.fr\\\/#organization\",\"name\":\"\u00c9vasion Naturelle\",\"url\":\"https:\\\/\\\/wp.formaverse.fr\\\/\",\"logo\":{\"@type\":\"ImageObject\",\"inLanguage\":\"fr-FR\",\"@id\":\"https:\\\/\\\/wp.formaverse.fr\\\/#\\\/schema\\\/logo\\\/image\\\/\",\"url\":\"https:\\\/\\\/wp.formaverse.fr\\\/e5b-01\\\/wp-content\\\/uploads\\\/2026\\\/03\\\/cropped-favicon-evasion-naturelle.png\",\"contentUrl\":\"https:\\\/\\\/wp.formaverse.fr\\\/e5b-01\\\/wp-content\\\/uploads\\\/2026\\\/03\\\/cropped-favicon-evasion-naturelle.png\",\"width\":512,\"height\":512,\"caption\":\"\u00c9vasion Naturelle\"},\"image\":{\"@id\":\"https:\\\/\\\/wp.formaverse.fr\\\/#\\\/schema\\\/logo\\\/image\\\/\"}}]}<\/script>\n<!-- \/ Yoast SEO plugin. -->","yoast_head_json":{"title":"Notre Boutique - \u00c9vasion Naturelle","robots":{"index":"index","follow":"follow","max-snippet":"max-snippet:-1","max-image-preview":"max-image-preview:large","max-video-preview":"max-video-preview:-1"},"canonical":"https:\/\/wp.formaverse.fr\/notre-boutique\/","og_locale":"fr_FR","og_type":"article","og_title":"Notre Boutique - \u00c9vasion Naturelle","og_description":"Notre Boutique \u00e0 Lyon Venez d\u00e9couvrir notre boutique-atelier au c\u0153ur du quartier de la Croix-Rousse \u00e0 Lyon. Un espace chaleureux [&hellip;]","og_url":"https:\/\/wp.formaverse.fr\/notre-boutique\/","og_site_name":"\u00c9vasion Naturelle","article_modified_time":"2026-03-23T08:37:19+00:00","og_image":[{"width":800,"height":1200,"url":"https:\/\/wp.formaverse.fr\/wp-content\/uploads\/2026\/03\/boutique-cosmetiques.jpg","type":"image\/jpeg"}],"twitter_card":"summary_large_image","twitter_misc":{"Dur\u00e9e de lecture estim\u00e9e":"1 minute"},"schema":{"@context":"https:\/\/schema.org","@graph":[{"@type":"WebPage","@id":"https:\/\/wp.formaverse.fr\/notre-boutique\/","url":"https:\/\/wp.formaverse.fr\/notre-boutique\/","name":"Notre Boutique - \u00c9vasion Naturelle","isPartOf":{"@id":"https:\/\/wp.formaverse.fr\/#website"},"primaryImageOfPage":{"@id":"https:\/\/wp.formaverse.fr\/notre-boutique\/#primaryimage"},"image":{"@id":"https:\/\/wp.formaverse.fr\/notre-boutique\/#primaryimage"},"thumbnailUrl":"https:\/\/wp.formaverse.fr\/e5b-01\/wp-content\/uploads\/2026\/03\/boutique-cosmetiques.jpg","datePublished":"2026-03-23T08:37:00+00:00","dateModified":"2026-03-23T08:37:19+00:00","breadcrumb":{"@id":"https:\/\/wp.formaverse.fr\/notre-boutique\/#breadcrumb"},"inLanguage":"fr-FR","potentialAction":[{"@type":"ReadAction","target":["https:\/\/wp.formaverse.fr\/notre-boutique\/"]}]},{"@type":"ImageObject","inLanguage":"fr-FR","@id":"https:\/\/wp.formaverse.fr\/notre-boutique\/#primaryimage","url":"https:\/\/wp.formaverse.fr\/e5b-01\/wp-content\/uploads\/2026\/03\/boutique-cosmetiques.jpg","contentUrl":"https:\/\/wp.formaverse.fr\/e5b-01\/wp-content\/uploads\/2026\/03\/boutique-cosmetiques.jpg","width":800,"height":1200,"caption":"Boutique de cosm\u00e9tiques - \u00c9vasion Naturelle"},{"@type":"BreadcrumbList","@id":"https:\/\/wp.formaverse.fr\/notre-boutique\/#breadcrumb","itemListElement":[{"@type":"ListItem","position":1,"name":"Home","item":"https:\/\/wp.formaverse.fr\/"},{"@type":"ListItem","position":2,"name":"Notre Boutique"}]},{"@type":"WebSite","@id":"https:\/\/wp.formaverse.fr\/#website","url":"https:\/\/wp.formaverse.fr\/","name":"\u00c9vasion Naturelle","description":"La marque cosm\u00e9tique naturelle pour votre bien \u00eatre","publisher":{"@id":"https:\/\/wp.formaverse.fr\/#organization"},"potentialAction":[{"@type":"SearchAction","target":{"@type":"EntryPoint","urlTemplate":"https:\/\/wp.formaverse.fr\/?s={search_term_string}"},"query-input":{"@type":"PropertyValueSpecification","valueRequired":true,"valueName":"search_term_string"}}],"inLanguage":"fr-FR"},{"@type":"Organization","@id":"https:\/\/wp.formaverse.fr\/#organization","name":"\u00c9vasion Naturelle","url":"https:\/\/wp.formaverse.fr\/","logo":{"@type":"ImageObject","inLanguage":"fr-FR","@id":"https:\/\/wp.formaverse.fr\/#\/schema\/logo\/image\/","url":"https:\/\/wp.formaverse.fr\/e5b-01\/wp-content\/uploads\/2026\/03\/cropped-favicon-evasion-naturelle.png","contentUrl":"https:\/\/wp.formaverse.fr\/e5b-01\/wp-content\/uploads\/2026\/03\/cropped-favicon-evasion-naturelle.png","width":512,"height":512,"caption":"\u00c9vasion Naturelle"},"image":{"@id":"https:\/\/wp.formaverse.fr\/#\/schema\/logo\/image\/"}}]}},"uagb_featured_image_src":{"full":["https:\/\/wp.formaverse.fr\/e5b-01\/wp-content\/uploads\/2026\/03\/boutique-cosmetiques.jpg",800,1200,false],"thumbnail":["https:\/\/wp.formaverse.fr\/e5b-01\/wp-content\/uploads\/2026\/03\/boutique-cosmetiques-150x150.jpg",150,150,true],"medium":["https:\/\/wp.formaverse.fr\/e5b-01\/wp-content\/uploads\/2026\/03\/boutique-cosmetiques-200x300.jpg",200,300,true],"medium_large":["https:\/\/wp.formaverse.fr\/e5b-01\/wp-content\/uploads\/2026\/03\/boutique-cosmetiques-768x1152.jpg",768,1152,true],"large":["https:\/\/wp.formaverse.fr\/e5b-01\/wp-content\/uploads\/2026\/03\/boutique-cosmetiques-683x1024.jpg",683,1024,true],"1536x1536":["https:\/\/wp.formaverse.fr\/e5b-01\/wp-content\/uploads\/2026\/03\/boutique-cosmetiques.jpg",800,1200,false],"2048x2048":["https:\/\/wp.formaverse.fr\/e5b-01\/wp-content\/uploads\/2026\/03\/boutique-cosmetiques.jpg",800,1200,false]},"uagb_author_info":{"display_name":"Sophie Martin","author_link":"https:\/\/wp.formaverse.fr\/e5b-01\/author\/admin\/"},"uagb_comment_info":0,"uagb_excerpt":"Notre Boutique \u00e0 Lyon Venez d\u00e9couvrir notre boutique-atelier au c\u0153ur du quartier de la Croix-Rousse \u00e0 Lyon. Un espace chaleureux [&hellip;]","_links":{"self":[{"href":"https:\/\/wp.formaverse.fr\/e5b-01\/wp-json\/wp\/v2\/pages\/8","targetHints":{"allow":["GET"]}}],"collection":[{"href":"https:\/\/wp.formaverse.fr\/e5b-01\/wp-json\/wp\/v2\/pages"}],"about":[{"href":"https:\/\/wp.formaverse.fr\/e5b-01\/wp-json\/wp\/v2\/types\/page"}],"author":[{"embeddable":true,"href":"https:\/\/wp.formaverse.fr\/e5b-01\/wp-json\/wp\/v2\/users\/1"}],"replies":[{"embeddable":true,"href":"https:\/\/wp.formaverse.fr\/e5b-01\/wp-json\/wp\/v2\/comments?post=8"}],"version-history":[{"count":1,"href":"https:\/\/wp.formaverse.fr\/e5b-01\/wp-json\/wp\/v2\/pages\/8\/revisions"}],"predecessor-version":[{"id":44,"href":"https:\/\/wp.formaverse.fr\/e5b-01\/wp-json\/wp\/v2\/pages\/8\/revisions\/44"}],"wp:featuredmedia":[{"embeddable":true,"href":"https:\/\/wp.formaverse.fr\/e5b-01\/wp-json\/wp\/v2\/media\/99"}],"wp:attachment":[{"href":"https:\/\/wp.formaverse.fr\/e5b-01\/wp-json\/wp\/v2\/media?parent=8"}],"curies":[{"name":"wp","href":"https:\/\/api.w.org\/{rel}","templated":true}]}}